{"id":7695,"date":"2024-05-06T16:02:28","date_gmt":"2024-05-06T21:02:28","guid":{"rendered":"https:\/\/conexiondenegocioslatinos.com\/new-user-registration\/"},"modified":"2026-04-15T09:17:54","modified_gmt":"2026-04-15T14:17:54","slug":"new-user-registration","status":"publish","type":"page","link":"https:\/\/conexiondenegocioslatinos.com\/en\/new-user-registration\/","title":{"rendered":"New user registration"},"content":{"rendered":"\t\t<div data-elementor-type=\"wp-page\" data-elementor-id=\"7695\" class=\"elementor elementor-7695 elementor-6993\" data-elementor-post-type=\"page\">\n\t\t\t\t<div class=\"elementor-element elementor-element-0b9ac27 header e-flex e-con-boxed e-con e-parent\" data-id=\"0b9ac27\" data-element_type=\"container\" data-e-type=\"container\" data-settings=\"{&quot;background_background&quot;:&quot;classic&quot;,&quot;jet_parallax_layout_list&quot;:[]}\">\n\t\t\t\t\t<div class=\"e-con-inner\">\n\t\t<div class=\"elementor-element elementor-element-53fc671 e-con-full e-flex elementor-invisible e-con e-child\" data-id=\"53fc671\" data-element_type=\"container\" data-e-type=\"container\" data-settings=\"{&quot;animation&quot;:&quot;fadeInLeft&quot;,&quot;jet_parallax_layout_list&quot;:[]}\">\n\t\t\t\t<div class=\"elementor-element elementor-element-7cd0ae4 elementor-widget elementor-widget-elementskit-heading\" data-id=\"7cd0ae4\" data-element_type=\"widget\" data-e-type=\"widget\" data-widget_type=\"elementskit-heading.default\">\n\t\t\t\t<div class=\"elementor-widget-container\">\n\t\t\t\t\t<div class=\"ekit-wid-con\" ><div class=\"ekit-heading elementskit-section-title-wraper text_left   ekit_heading_tablet-   ekit_heading_mobile-text_center\"><h1 class=\"ekit-heading--title elementskit-section-title \">Registration of <span><span>New User<\/span><\/span><\/h1><\/div><\/div>\t\t\t\t<\/div>\n\t\t\t\t<\/div>\n\t\t\t\t<\/div>\n\t\t\t\t\t<\/div>\n\t\t\t\t<\/div>\n\t\t<div class=\"elementor-element elementor-element-1c0a531e e-con-full jedv-enabled--yes e-flex e-con e-parent\" data-id=\"1c0a531e\" data-element_type=\"container\" data-e-type=\"container\" data-settings=\"{&quot;jet_parallax_layout_list&quot;:[],&quot;background_background&quot;:&quot;classic&quot;}\">\n\t\t<div class=\"elementor-element elementor-element-9255fc3 e-con-full e-flex e-con e-child\" data-id=\"9255fc3\" data-element_type=\"container\" data-e-type=\"container\" data-settings=\"{&quot;jet_parallax_layout_list&quot;:[],&quot;background_background&quot;:&quot;classic&quot;}\">\n\t\t\t\t<div class=\"elementor-element elementor-element-69773f5 elementor-widget elementor-widget-heading\" data-id=\"69773f5\" data-element_type=\"widget\" data-e-type=\"widget\" data-widget_type=\"heading.default\">\n\t\t\t\t<div class=\"elementor-widget-container\">\n\t\t\t\t\t<h2 class=\"elementor-heading-title elementor-size-default\">Data logging<\/h2>\t\t\t\t<\/div>\n\t\t\t\t<\/div>\n\t\t\t\t<div class=\"elementor-element elementor-element-4d4fa5a elementor-widget elementor-widget-jet-form-builder-form\" data-id=\"4d4fa5a\" data-element_type=\"widget\" data-e-type=\"widget\" data-widget_type=\"jet-form-builder-form.default\">\n\t\t\t\t<div class=\"elementor-widget-container\">\n\t\t\t\t\t<link rel='stylesheet' id='wp-block-library-css' href='https:\/\/conexiondenegocioslatinos.com\/wp-includes\/css\/dist\/block-library\/style.css?ver=6.9.4' media='all' \/>\n<style id=\"jet-form-builder-6915-inline-css\"><\/style><form  class=\"jet-form-builder layout-column submit-type-reload\" action=\"https:\/\/conexiondenegocioslatinos.com\/en\/wp-json\/wp\/v2\/pages\/7695\/?UgOz1k=q0M3t3h2n5&amp;method=reload\" method=\"POST\" data-form-id=\"6915\" data-layout=\"column\" enctype=\"multipart\/form-data\" novalidate=\"null\" ssr_validation_method=\"admin_ajax\">\r\n<input type=\"hidden\" name=\"_jfb_current_render_states[]\" value=\"DEFAULT.STATE\" data-jfb-sync \/><input type=\"hidden\" class=\"jet-form-builder__field hidden-field\" name=\"_jet_engine_booking_form_id\" data-field-name=\"_jet_engine_booking_form_id\" value=\"6915\">\n<input type=\"hidden\" class=\"jet-form-builder__field hidden-field\" name=\"_jet_engine_refer\" data-field-name=\"_jet_engine_refer\" value=\"https:\/\/conexiondenegocioslatinos.com\/en\/wp-json\/wp\/v2\/pages\/7695\/\">\n<input type=\"hidden\" class=\"jet-form-builder__field hidden-field\" name=\"__queried_post_id\" data-field-name=\"__queried_post_id\" value=\"7695\">\n\n<div class=\"wp-block-columns is-layout-flex wp-container-core-columns-is-layout-28f84493 wp-block-columns-is-layout-flex\">\n<div class=\"wp-block-column is-layout-flow wp-block-column-is-layout-flow\">\n<input type=\"hidden\" class=\"jet-form-builder__field hidden-field\" name=\"post_id\" data-field-name=\"post_id\" data-jfb-sync=\"null\" value=\"7695\">\n\n<\/div>\n<\/div>\n\n\n\n<div class=\"wp-block-columns is-layout-flex wp-container-core-columns-is-layout-28f84493 wp-block-columns-is-layout-flex\">\n<div class=\"wp-block-column is-layout-flow wp-block-column-is-layout-flow\"><div  data-validation-type=\"advanced\" data-validation-rules=\"[{&quot;__visible&quot;:true,&quot;type&quot;:&quot;ssr&quot;,&quot;value&quot;:&quot;is_user_email_unique&quot;,&quot;message&quot;:&quot;Email ya Registrado&quot;,&quot;_sig&quot;:&quot;131cf7c6b8ee3f86ab7a698af01d4f7c&quot;}]\" data-validation-messages=\"{&quot;email&quot;:&quot;Por favor introduzca una direcci\u00f3n de correo electr\u00f3nico v\u00e1lida.&quot;,&quot;empty&quot;:&quot;Por favor rellene este campo.&quot;}\" class=\"jet-form-builder-row field-type-text-field\" >\n<div class=\"jet-form-builder__label\">\r\n<div class=\"jet-form-builder__label-text\">Correo electr\u00f3nico <span class=\"jet-form-builder__required\">*<\/span><\/div><\/div><div class=\"jet-form-builder__field-wrap\">\n\t\t\t\t<input required=\"required\" name=\"email\" id=\"email\" type=\"email\" data-field-name=\"email\" class=\"jet-form-builder__field text-field\" data-jfb-sync=\"null\" autocomplete=\"on\">\n\t\t\t\t\t<\/div><div class=\"jet-form-builder__desc\"><small>Su direcci\u00f3n de Email<\/small><\/div>\n<\/div><\/div>\n\n\n\n<div class=\"wp-block-column is-layout-flow wp-block-column-is-layout-flow\"><div  data-validation-type=\"advanced\" data-validation-rules=\"[{&quot;__visible&quot;:false,&quot;type&quot;:&quot;ssr&quot;,&quot;value&quot;:&quot;is_user_login_unique&quot;,&quot;message&quot;:&quot;Usuario ya existe&quot;,&quot;_sig&quot;:&quot;0889c781eb6a7449c586382f5f0d74cd&quot;},{&quot;__visible&quot;:false,&quot;type&quot;:&quot;regexp&quot;,&quot;value&quot;:&quot;^[a-z0-9_]{5,}$&quot;,&quot;message&quot;:&quot;Solo minusculas y numeros&quot;},{&quot;__visible&quot;:true,&quot;type&quot;:&quot;contain_not&quot;,&quot;value&quot;:&quot; &quot;,&quot;message&quot;:&quot;No espacios en blanco&quot;}]\" data-validation-messages=\"{&quot;char_min&quot;:&quot;La longitud m\u00ednima: %this(minLength)% caracteres.&quot;,&quot;empty&quot;:&quot;Por favor rellene este campo.&quot;}\" class=\"jet-form-builder-row field-type-text-field\" >\n<div class=\"jet-form-builder__label\">\r\n<div class=\"jet-form-builder__label-text\">Login <span class=\"jet-form-builder__required\">*<\/span><\/div><\/div><div class=\"jet-form-builder__field-wrap\">\n\t\t\t\t<input required=\"required\" name=\"login\" id=\"login\" type=\"text\" data-field-name=\"login\" class=\"jet-form-builder__field text-field lower_case\" minlength=\"5\" data-jfb-sync=\"null\" autocomplete=\"on\">\n\t\t\t\t\t<\/div><div class=\"jet-form-builder__desc\"><small>Su nombre de usuario para ingresar<\/small><\/div>\n<\/div><\/div>\n<\/div>\n\n\n\n<div class=\"wp-block-columns is-layout-flex wp-container-core-columns-is-layout-28f84493 wp-block-columns-is-layout-flex\">\n<div class=\"wp-block-column is-layout-flow wp-block-column-is-layout-flow\"><div  class=\"jet-form-builder-row field-type-text-field\" >\n<div class=\"jet-form-builder__label\">\r\n<div class=\"jet-form-builder__label-text\">Nombre <span class=\"jet-form-builder__required\">*<\/span><\/div><\/div><div class=\"jet-form-builder__field-wrap\">\n\t\t\t\t<input required=\"required\" name=\"nombre\" id=\"nombre\" type=\"text\" data-field-name=\"nombre\" class=\"jet-form-builder__field text-field\" data-jfb-sync=\"null\" autocomplete=\"on\">\n\t\t\t\t\t<\/div><div class=\"jet-form-builder__desc\"><small>Su nombre<\/small><\/div>\n<\/div><\/div>\n\n\n\n<div class=\"wp-block-column is-layout-flow wp-block-column-is-layout-flow\"><div  class=\"jet-form-builder-row field-type-text-field\" >\n<div class=\"jet-form-builder__label\">\r\n<div class=\"jet-form-builder__label-text\">Apellido <span class=\"jet-form-builder__required\">*<\/span><\/div><\/div><div class=\"jet-form-builder__field-wrap\">\n\t\t\t\t<input required=\"required\" name=\"apellido\" id=\"apellido\" type=\"text\" data-field-name=\"apellido\" class=\"jet-form-builder__field text-field\" data-jfb-sync=\"null\" autocomplete=\"on\">\n\t\t\t\t\t<\/div><div class=\"jet-form-builder__desc\"><small>Su apellido<\/small><\/div>\n<\/div><\/div>\n<\/div>\n\n\n\n<div class=\"wp-block-columns is-layout-flex wp-container-core-columns-is-layout-28f84493 wp-block-columns-is-layout-flex\">\n<div class=\"wp-block-column is-layout-flow wp-block-column-is-layout-flow\"><div  class=\"jet-form-builder-row field-type-text-field\" >\n<div class=\"jet-form-builder__label\">\r\n<div class=\"jet-form-builder__label-text\">Empresa <span class=\"jet-form-builder__required\">*<\/span><\/div><\/div><div class=\"jet-form-builder__field-wrap\">\n\t\t\t\t<input required=\"required\" name=\"empresa\" id=\"empresa\" type=\"text\" data-field-name=\"empresa\" class=\"jet-form-builder__field text-field cupon\" data-jfb-sync=\"null\" autocomplete=\"on\">\n\t\t\t\t\t<\/div><div class=\"jet-form-builder__desc\"><small>Nombre de Empresa<\/small><\/div>\n<\/div><\/div>\n\n\n\n<div class=\"wp-block-column is-layout-flow wp-block-column-is-layout-flow\"><div  class=\"jet-form-builder-row field-type-text-field\" >\n<div class=\"jet-form-builder__label\">\r\n<div class=\"jet-form-builder__label-text\">url<\/div><\/div><div class=\"jet-form-builder__field-wrap\">\n\t\t\t\t<input name=\"url\" id=\"url\" type=\"text\" data-field-name=\"url\" class=\"jet-form-builder__field text-field\" data-jfb-sync=\"null\" autocomplete=\"on\">\n\t\t\t\t\t<\/div><div class=\"jet-form-builder__desc\"><small>URL de su sitio web<\/small><\/div>\n<\/div><\/div>\n<\/div>\n\n\n<input type=\"hidden\" class=\"captcha-token\" name=\"_captcha_token\" value=\"\"\/><div  class=\"jet-form-builder-row field-type-submit-field\" >\n\t<div data-type=\"submit\" class=\"jet-form-builder__action-button-wrapper jet-form-builder__submit-wrap\">\n\t<button class=\"jet-form-builder__action-button validar-cupon jet-form-builder__submit submit-type-reload\" type=\"submit\">Registrar<\/button>\n\t<\/div>\n\t\n<\/div>\n\n\n<input type=\"hidden\" class=\"jet-form-builder__field hidden-field\" name=\"hidden_user_id\" data-field-name=\"hidden_user_id\" data-jfb-sync=\"null\">\n\n\n\n\n<input type=\"hidden\" class=\"jet-form-builder__field hidden-field\" name=\"hidden_id_cupon\" data-field-name=\"hidden_id_cupon\" data-jfb-sync=\"null\" value=\" \">\n\n\t<div class=\"jet-form-builder-messages-wrap\" data-form-id=\"6915\"><\/div>\n<\/form>\n\t\t\t\t<\/div>\n\t\t\t\t<\/div>\n\t\t\t\t<\/div>\n\t\t\t\t<\/div>\n\t\t\t\t<\/div>\n\t\t","protected":false},"excerpt":{"rendered":"<p>Registration of New User Data logging Correo electr\u00f3nico * Su direcci\u00f3n de Email Login * Su nombre de usuario para ingresar Nombre * Su nombre Apellido * Su apellido Empresa [&hellip;]<\/p>\n","protected":false},"author":1,"featured_media":0,"parent":0,"menu_order":0,"comment_status":"closed","ping_status":"closed","template":"elementor_header_footer","meta":{"give_campaign_id":0,"pmpro_default_level":"","footnotes":""},"class_list":["post-7695","page","type-page","status-publish","hentry","pmpro-has-access"],"campaignId":"","_links":{"self":[{"href":"https:\/\/conexiondenegocioslatinos.com\/en\/wp-json\/wp\/v2\/pages\/7695","targetHints":{"allow":["GET"]}}],"collection":[{"href":"https:\/\/conexiondenegocioslatinos.com\/en\/wp-json\/wp\/v2\/pages"}],"about":[{"href":"https:\/\/conexiondenegocioslatinos.com\/en\/wp-json\/wp\/v2\/types\/page"}],"author":[{"embeddable":true,"href":"https:\/\/conexiondenegocioslatinos.com\/en\/wp-json\/wp\/v2\/users\/1"}],"replies":[{"embeddable":true,"href":"https:\/\/conexiondenegocioslatinos.com\/en\/wp-json\/wp\/v2\/comments?post=7695"}],"version-history":[{"count":2,"href":"https:\/\/conexiondenegocioslatinos.com\/en\/wp-json\/wp\/v2\/pages\/7695\/revisions"}],"predecessor-version":[{"id":12052,"href":"https:\/\/conexiondenegocioslatinos.com\/en\/wp-json\/wp\/v2\/pages\/7695\/revisions\/12052"}],"wp:attachment":[{"href":"https:\/\/conexiondenegocioslatinos.com\/en\/wp-json\/wp\/v2\/media?parent=7695"}],"curies":[{"name":"wp","href":"https:\/\/api.w.org\/{rel}","templated":true}]}}